{"id":12609,"date":"2022-08-23T13:35:50","date_gmt":"2022-08-23T13:35:50","guid":{"rendered":"http:\/\/locandalepiazze.com\/?page_id=12609"},"modified":"2026-03-27T14:40:12","modified_gmt":"2026-03-27T14:40:12","slug":"heilbad","status":"publish","type":"page","link":"https:\/\/locandalepiazze.com\/de\/spa\/","title":{"rendered":"Heilbad"},"content":{"rendered":"<div data-elementor-type=\"wp-page\" data-elementor-id=\"12609\" class=\"elementor elementor-12609\" data-elementor-post-type=\"page\">\n\t\t\t\t\t\t<section class=\"elementor-section elementor-top-section elementor-element elementor-element-c915870 elementor-section-height-min-height elementor-section-boxed elementor-section-height-default elementor-section-items-middle\" data-id=\"c915870\" data-element_type=\"section\" data-e-type=\"section\" data-settings=\"{&quot;background_background&quot;:&quot;classic&quot;}\">\n\t\t\t\t\t\t\t<div class=\"elementor-background-overlay\"><\/div>\n\t\t\t\t\t\t\t<div class=\"elementor-container elementor-column-gap-default\">\n\t\t\t\t\t<div class=\"elementor-column elementor-col-100 elementor-top-column elementor-element elementor-element-18f4add\" data-id=\"18f4add\" data-element_type=\"column\" data-e-type=\"column\">\n\t\t\t<div class=\"elementor-widget-wrap elementor-element-populated\">\n\t\t\t\t\t\t<div class=\"elementor-element elementor-element-ebdc535 elementor-widget elementor-widget-heading\" data-id=\"ebdc535\" data-element_type=\"widget\" data-e-type=\"widget\" data-widget_type=\"heading.default\">\n\t\t\t\t<div class=\"elementor-widget-container\">\n\t\t\t\t\t<div class=\"elementor-heading-title elementor-size-default\">Viel Spa\u00df!.<\/div>\t\t\t\t<\/div>\n\t\t\t\t<\/div>\n\t\t\t\t<div class=\"elementor-element elementor-element-cf51c15 elementor-widget elementor-widget-heading\" data-id=\"cf51c15\" data-element_type=\"widget\" data-e-type=\"widget\" data-widget_type=\"heading.default\">\n\t\t\t\t<div class=\"elementor-widget-container\">\n\t\t\t\t\t<h1 class=\"elementor-heading-title elementor-size-default\">Heilbad<\/h1>\t\t\t\t<\/div>\n\t\t\t\t<\/div>\n\t\t\t\t\t<\/div>\n\t\t<\/div>\n\t\t\t\t\t<\/div>\n\t\t<\/section>\n\t\t\t\t<section class=\"elementor-section elementor-top-section elementor-element elementor-element-2802118 elementor-section-boxed elementor-section-height-default elementor-section-height-default\" data-id=\"2802118\" data-element_type=\"section\" data-e-type=\"section\">\n\t\t\t\t\t\t<div class=\"elementor-container elementor-column-gap-default\">\n\t\t\t\t\t<div class=\"elementor-column elementor-col-100 elementor-top-column elementor-element elementor-element-d5cee16\" data-id=\"d5cee16\" data-element_type=\"column\" data-e-type=\"column\">\n\t\t\t<div class=\"elementor-widget-wrap elementor-element-populated\">\n\t\t\t\t\t\t<div class=\"elementor-element elementor-element-4a2c2e3 elementor-widget elementor-widget-image\" data-id=\"4a2c2e3\" data-element_type=\"widget\" data-e-type=\"widget\" data-widget_type=\"image.default\">\n\t\t\t\t<div class=\"elementor-widget-container\">\n\t\t\t\t\t\t\t\t\t\t\t\t\t\t\t<img fetchpriority=\"high\" decoding=\"async\" width=\"512\" height=\"292\" src=\"https:\/\/locandalepiazze.com\/wp-content\/uploads\/2026\/03\/AS-Logo-Color-Vertical.png\" class=\"attachment-large size-large wp-image-24139\" alt=\"\" srcset=\"https:\/\/locandalepiazze.com\/wp-content\/uploads\/2026\/03\/AS-Logo-Color-Vertical.png 512w, https:\/\/locandalepiazze.com\/wp-content\/uploads\/2026\/03\/AS-Logo-Color-Vertical-300x171.png 300w, https:\/\/locandalepiazze.com\/wp-content\/uploads\/2026\/03\/AS-Logo-Color-Vertical-18x10.png 18w\" sizes=\"(max-width: 512px) 100vw, 512px\" \/>\t\t\t\t\t\t\t\t\t\t\t\t\t\t\t<\/div>\n\t\t\t\t<\/div>\n\t\t\t\t<div class=\"elementor-element elementor-element-675f972 elementor-widget elementor-widget-text-editor\" data-id=\"675f972\" data-element_type=\"widget\" data-e-type=\"widget\" data-widget_type=\"text-editor.default\">\n\t\t\t\t<div class=\"elementor-widget-container\">\n\t\t\t\t\t\t\t\t\t<p>Bei AnaiSpa achten wir die Umwelt, lokale Traditionen und die Natur, um Spa-Behandlungen anzubieten, die Komfort mit nachhaltiger Wellness verbinden. Unsere fachkundigen Therapeuten w\u00e4hlen sorgf\u00e4ltig Rituale aus, die auf jeden Hauttyp zugeschnitten sind, und verwenden nat\u00fcrliche, sinnesreiche Inhaltsstoffe, die Ihre Sinne wecken und Ihren K\u00f6rper verj\u00fcngen.<\/p><p>Experience authentic Tuscan relaxation and holistic care &#8211; discover AnaiSpa at Locanda Le Piazze.<\/p>\t\t\t\t\t\t\t\t<\/div>\n\t\t\t\t<\/div>\n\t\t\t\t\t<\/div>\n\t\t<\/div>\n\t\t\t\t\t<\/div>\n\t\t<\/section>\n\t\t\t\t<section class=\"elementor-section elementor-top-section elementor-element elementor-element-2babad6 menu elementor-reverse-mobile elementor-section-boxed elementor-section-height-default elementor-section-height-default\" data-id=\"2babad6\" data-element_type=\"section\" data-e-type=\"section\">\n\t\t\t\t\t\t<div class=\"elementor-container elementor-column-gap-default\">\n\t\t\t\t\t<div class=\"elementor-column elementor-col-50 elementor-top-column elementor-element elementor-element-ce5a4c0\" data-id=\"ce5a4c0\" data-element_type=\"column\" data-e-type=\"column\" data-settings=\"{&quot;background_background&quot;:&quot;classic&quot;}\">\n\t\t\t<div class=\"elementor-widget-wrap elementor-element-populated\">\n\t\t\t\t\t\t<div class=\"elementor-element elementor-element-a001ddc elementor-invisible elementor-widget elementor-widget-image\" data-id=\"a001ddc\" data-element_type=\"widget\" data-e-type=\"widget\" data-settings=\"{&quot;_animation&quot;:&quot;fadeIn&quot;,&quot;_animation_delay&quot;:300}\" data-widget_type=\"image.default\">\n\t\t\t\t<div class=\"elementor-widget-container\">\n\t\t\t\t\t\t\t\t\t\t\t\t\t\t\t\t<a href=\"https:\/\/locandalepiazze.com\/wp-content\/uploads\/2026\/01\/Spa-8-scaled.jpg\" data-elementor-open-lightbox=\"yes\" data-e-action-hash=\"#elementor-action%3Aaction%3Dlightbox%26settings%3DeyJpZCI6MjM3MzUsInVybCI6Imh0dHBzOlwvXC9sb2NhbmRhbGVwaWF6emUuY29tXC93cC1jb250ZW50XC91cGxvYWRzXC8yMDI2XC8wMVwvU3BhLTgtc2NhbGVkLmpwZyJ9\">\n\t\t\t\t\t\t\t<img decoding=\"async\" width=\"1706\" height=\"2560\" src=\"https:\/\/locandalepiazze.com\/wp-content\/uploads\/2026\/01\/Spa-8-scaled.jpg\" class=\"attachment-full size-full wp-image-23735\" alt=\"\" srcset=\"https:\/\/locandalepiazze.com\/wp-content\/uploads\/2026\/01\/Spa-8-scaled.jpg 1706w, https:\/\/locandalepiazze.com\/wp-content\/uploads\/2026\/01\/Spa-8-200x300.jpg 200w, https:\/\/locandalepiazze.com\/wp-content\/uploads\/2026\/01\/Spa-8-683x1024.jpg 683w, https:\/\/locandalepiazze.com\/wp-content\/uploads\/2026\/01\/Spa-8-768x1152.jpg 768w, https:\/\/locandalepiazze.com\/wp-content\/uploads\/2026\/01\/Spa-8-1024x1536.jpg 1024w, https:\/\/locandalepiazze.com\/wp-content\/uploads\/2026\/01\/Spa-8-1365x2048.jpg 1365w\" sizes=\"(max-width: 1706px) 100vw, 1706px\" \/>\t\t\t\t\t\t\t\t<\/a>\n\t\t\t\t\t\t\t\t\t\t\t\t\t\t\t<\/div>\n\t\t\t\t<\/div>\n\t\t\t\t<div class=\"elementor-element elementor-element-6aece38 elementor-invisible elementor-widget elementor-widget-image\" data-id=\"6aece38\" data-element_type=\"widget\" data-e-type=\"widget\" data-settings=\"{&quot;_animation&quot;:&quot;fadeIn&quot;,&quot;_animation_delay&quot;:300}\" data-widget_type=\"image.default\">\n\t\t\t\t<div class=\"elementor-widget-container\">\n\t\t\t\t\t\t\t\t\t\t\t\t\t\t\t\t<a href=\"https:\/\/locandalepiazze.com\/wp-content\/uploads\/2025\/02\/07-Spa-24.jpg\" data-elementor-open-lightbox=\"yes\" data-e-action-hash=\"#elementor-action%3Aaction%3Dlightbox%26settings%3DeyJpZCI6MjAyOTksInVybCI6Imh0dHBzOlwvXC9sb2NhbmRhbGVwaWF6emUuY29tXC93cC1jb250ZW50XC91cGxvYWRzXC8yMDI1XC8wMlwvMDctU3BhLTI0LmpwZyJ9\">\n\t\t\t\t\t\t\t<img decoding=\"async\" src=\"https:\/\/locandalepiazze.com\/wp-content\/uploads\/elementor\/thumbs\/07-Spa-24-r0yuomgfdwzzjohmtjkdgwjldmetd40zdb1uu6iwm8.jpg\" title=\"Heilbad Locanda Le Piazze\" alt=\"Heilbad Locanda Le Piazze\" loading=\"lazy\" \/>\t\t\t\t\t\t\t\t<\/a>\n\t\t\t\t\t\t\t\t\t\t\t\t\t\t\t<\/div>\n\t\t\t\t<\/div>\n\t\t\t\t\t<\/div>\n\t\t<\/div>\n\t\t\t\t<div class=\"elementor-column elementor-col-50 elementor-top-column elementor-element elementor-element-112af47\" data-id=\"112af47\" data-element_type=\"column\" data-e-type=\"column\" data-settings=\"{&quot;background_background&quot;:&quot;classic&quot;}\">\n\t\t\t<div class=\"elementor-widget-wrap elementor-element-populated\">\n\t\t\t\t\t\t<div class=\"elementor-element elementor-element-454cf00 elementor-widget elementor-widget-heading\" data-id=\"454cf00\" data-element_type=\"widget\" data-e-type=\"widget\" data-widget_type=\"heading.default\">\n\t\t\t\t<div class=\"elementor-widget-container\">\n\t\t\t\t\t<h2 class=\"elementor-heading-title elementor-size-default\">AnaiSpa<\/h2>\t\t\t\t<\/div>\n\t\t\t\t<\/div>\n\t\t\t\t<div class=\"elementor-element elementor-element-f71e727 elementor-widget elementor-widget-heading\" data-id=\"f71e727\" data-element_type=\"widget\" data-e-type=\"widget\" data-widget_type=\"heading.default\">\n\t\t\t\t<div class=\"elementor-widget-container\">\n\t\t\t\t\t<h3 class=\"elementor-heading-title elementor-size-default\">Nachhaltige Wellness<\/h3>\t\t\t\t<\/div>\n\t\t\t\t<\/div>\n\t\t\t\t<div class=\"elementor-element elementor-element-7d12a59 elementor-widget elementor-widget-text-editor\" data-id=\"7d12a59\" data-element_type=\"widget\" data-e-type=\"widget\" data-widget_type=\"text-editor.default\">\n\t\t\t\t<div class=\"elementor-widget-container\">\n\t\t\t\t\t\t\t\t\t<p>Exklusiv f\u00fcr unsere Hotelg\u00e4ste bietet das AnaiSpa in der Locanda Le Piazze einen ruhigen Entspannungsbereich, eine traditionelle finnische Sauna, einen speziellen Massageraum und einen Au\u00dfen-Whirlpool mit Blick auf die atemberaubenden Chianti-H\u00fcgel und Weinberge. Erleben Sie achtsame Wellness in Harmonie mit der Natur.<\/p>\t\t\t\t\t\t\t\t<\/div>\n\t\t\t\t<\/div>\n\t\t\t\t<div class=\"elementor-element elementor-element-2a26db9 elementor-align-center elementor-widget__width-auto elementor-widget elementor-widget-button\" data-id=\"2a26db9\" data-element_type=\"widget\" data-e-type=\"widget\" data-widget_type=\"button.default\">\n\t\t\t\t<div class=\"elementor-widget-container\">\n\t\t\t\t\t\t\t\t\t<div class=\"elementor-button-wrapper\">\n\t\t\t\t\t<a class=\"elementor-button elementor-button-link elementor-size-sm\" href=\"https:\/\/www.simplebooking.it\/ibe\/search?hid=7406&#038;lang=EN&#038;cur=EUR\" target=\"_blank\" rel=\"nofollow noopener\">\n\t\t\t\t\t\t<span class=\"elementor-button-content-wrapper\">\n\t\t\t\t\t\t\t\t\t<span class=\"elementor-button-text\">Jetzt reservieren<\/span>\n\t\t\t\t\t<\/span>\n\t\t\t\t\t<\/a>\n\t\t\t\t<\/div>\n\t\t\t\t\t\t\t\t<\/div>\n\t\t\t\t<\/div>\n\t\t\t\t\t<\/div>\n\t\t<\/div>\n\t\t\t\t\t<\/div>\n\t\t<\/section>\n\t\t\t\t<section class=\"elementor-section elementor-top-section elementor-element elementor-element-2cbef33 elementor-section-boxed elementor-section-height-default elementor-section-height-default\" data-id=\"2cbef33\" data-element_type=\"section\" data-e-type=\"section\">\n\t\t\t\t\t\t<div class=\"elementor-container elementor-column-gap-default\">\n\t\t\t\t\t<div class=\"elementor-column elementor-col-100 elementor-top-column elementor-element elementor-element-11c2626\" data-id=\"11c2626\" data-element_type=\"column\" data-e-type=\"column\">\n\t\t\t<div class=\"elementor-widget-wrap elementor-element-populated\">\n\t\t\t\t\t\t<div class=\"elementor-element elementor-element-8950173 elementor-pagination-position-inside elementor-widget elementor-widget-image-carousel\" data-id=\"8950173\" data-element_type=\"widget\" data-e-type=\"widget\" data-settings=\"{&quot;slides_to_show&quot;:&quot;3&quot;,&quot;slides_to_scroll&quot;:&quot;3&quot;,&quot;navigation&quot;:&quot;dots&quot;,&quot;image_spacing_custom&quot;:{&quot;unit&quot;:&quot;px&quot;,&quot;size&quot;:8,&quot;sizes&quot;:[]},&quot;slides_to_show_mobile&quot;:&quot;2&quot;,&quot;slides_to_scroll_mobile&quot;:&quot;1&quot;,&quot;autoplay&quot;:&quot;yes&quot;,&quot;pause_on_hover&quot;:&quot;yes&quot;,&quot;pause_on_interaction&quot;:&quot;yes&quot;,&quot;autoplay_speed&quot;:5000,&quot;infinite&quot;:&quot;yes&quot;,&quot;speed&quot;:500,&quot;image_spacing_custom_tablet&quot;:{&quot;unit&quot;:&quot;px&quot;,&quot;size&quot;:&quot;&quot;,&quot;sizes&quot;:[]},&quot;image_spacing_custom_mobile&quot;:{&quot;unit&quot;:&quot;px&quot;,&quot;size&quot;:&quot;&quot;,&quot;sizes&quot;:[]}}\" data-widget_type=\"image-carousel.default\">\n\t\t\t\t<div class=\"elementor-widget-container\">\n\t\t\t\t\t\t\t<div class=\"elementor-image-carousel-wrapper swiper\" role=\"region\" aria-roledescription=\"carousel\" aria-label=\"Bild-Karussell\" dir=\"ltr\">\n\t\t\t<div class=\"elementor-image-carousel swiper-wrapper swiper-image-stretch\" aria-live=\"off\">\n\t\t\t\t\t\t\t\t<div class=\"swiper-slide\" role=\"group\" aria-roledescription=\"slide\" aria-label=\"1 von 6\" data-no-translation-aria-label=\"\"><a data-elementor-open-lightbox=\"yes\" data-elementor-lightbox-slideshow=\"8950173\" data-e-action-hash=\"#elementor-action%3Aaction%3Dlightbox%26settings%3DeyJpZCI6MTg0NzYsInVybCI6Imh0dHBzOlwvXC9sb2NhbmRhbGVwaWF6emUuY29tXC93cC1jb250ZW50XC91cGxvYWRzXC8yMDIzXC8xMlwvMDUtU3BhLTIzLmpwZyIsInNsaWRlc2hvdyI6Ijg5NTAxNzMifQ%3D%3D\" href=\"https:\/\/locandalepiazze.com\/wp-content\/uploads\/2023\/12\/05-Spa-23.jpg\"><figure class=\"swiper-slide-inner\"><img decoding=\"async\" class=\"swiper-slide-image\" src=\"https:\/\/locandalepiazze.com\/wp-content\/uploads\/elementor\/thumbs\/05-Spa-23-qg6aoyql265rpv78dxsfbtgtagddkcokr07j0oybuw.jpg\" alt=\"Heilbad\" \/><\/figure><\/a><\/div><div class=\"swiper-slide\" role=\"group\" aria-roledescription=\"slide\" aria-label=\"2 von 6\" data-no-translation-aria-label=\"\"><a data-elementor-open-lightbox=\"yes\" data-elementor-lightbox-slideshow=\"8950173\" data-e-action-hash=\"#elementor-action%3Aaction%3Dlightbox%26settings%3DeyJpZCI6MTg0NjQsInVybCI6Imh0dHBzOlwvXC9sb2NhbmRhbGVwaWF6emUuY29tXC93cC1jb250ZW50XC91cGxvYWRzXC8yMDIzXC8xMlwvMDItU3BhLTIzLmpwZyIsInNsaWRlc2hvdyI6Ijg5NTAxNzMifQ%3D%3D\" href=\"https:\/\/locandalepiazze.com\/wp-content\/uploads\/2023\/12\/02-Spa-23.jpg\"><figure class=\"swiper-slide-inner\"><img decoding=\"async\" class=\"swiper-slide-image\" src=\"https:\/\/locandalepiazze.com\/wp-content\/uploads\/elementor\/thumbs\/02-Spa-23-qg6aou1e3zzc3te25drahcnibj0jhv5x2cy3mb5aq0.jpg\" alt=\"Spa-Sauna\" \/><\/figure><\/a><\/div><div class=\"swiper-slide\" role=\"group\" aria-roledescription=\"slide\" aria-label=\"3 von 6\" data-no-translation-aria-label=\"\"><a data-elementor-open-lightbox=\"yes\" data-elementor-lightbox-slideshow=\"8950173\" data-e-action-hash=\"#elementor-action%3Aaction%3Dlightbox%26settings%3DeyJpZCI6MTg0NjAsInVybCI6Imh0dHBzOlwvXC9sb2NhbmRhbGVwaWF6emUuY29tXC93cC1jb250ZW50XC91cGxvYWRzXC8yMDIzXC8xMlwvMDEtU3BhLTIzLmpwZyIsInNsaWRlc2hvdyI6Ijg5NTAxNzMifQ%3D%3D\" href=\"https:\/\/locandalepiazze.com\/wp-content\/uploads\/2023\/12\/01-Spa-23.jpg\"><figure class=\"swiper-slide-inner\"><img decoding=\"async\" class=\"swiper-slide-image\" src=\"https:\/\/locandalepiazze.com\/wp-content\/uploads\/elementor\/thumbs\/01-Spa-23-qg6aos5pqbwrglgsgcy1cd4l4r9t2gyge3n4nr832g.jpg\" alt=\"Heilbad\" \/><\/figure><\/a><\/div><div class=\"swiper-slide\" role=\"group\" aria-roledescription=\"slide\" aria-label=\"4 von 6\" data-no-translation-aria-label=\"\"><a data-elementor-open-lightbox=\"yes\" data-elementor-lightbox-slideshow=\"8950173\" data-e-action-hash=\"#elementor-action%3Aaction%3Dlightbox%26settings%3DeyJpZCI6MTg0ODgsInVybCI6Imh0dHBzOlwvXC9sb2NhbmRhbGVwaWF6emUuY29tXC93cC1jb250ZW50XC91cGxvYWRzXC8yMDIzXC8xMlwvMDgtU3BhLTIzLmpwZyIsInNsaWRlc2hvdyI6Ijg5NTAxNzMifQ%3D%3D\" href=\"https:\/\/locandalepiazze.com\/wp-content\/uploads\/2023\/12\/08-Spa-23.jpg\"><figure class=\"swiper-slide-inner\"><img decoding=\"async\" class=\"swiper-slide-image\" src=\"https:\/\/locandalepiazze.com\/wp-content\/uploads\/elementor\/thumbs\/08-Spa-23-qg6ap4dm76dhniz1h086qs1kurlkujayrs4fwcpytk.jpg\" alt=\"Spa Ouside Bereich\" \/><\/figure><\/a><\/div><div class=\"swiper-slide\" role=\"group\" aria-roledescription=\"slide\" aria-label=\"5 von 6\" data-no-translation-aria-label=\"\"><a data-elementor-open-lightbox=\"yes\" data-elementor-lightbox-slideshow=\"8950173\" data-e-action-hash=\"#elementor-action%3Aaction%3Dlightbox%26settings%3DeyJpZCI6MjAzMTEsInVybCI6Imh0dHBzOlwvXC9sb2NhbmRhbGVwaWF6emUuY29tXC93cC1jb250ZW50XC91cGxvYWRzXC8yMDI1XC8wMlwvMTAtU3BhLTI0LmpwZyIsInNsaWRlc2hvdyI6Ijg5NTAxNzMifQ%3D%3D\" href=\"https:\/\/locandalepiazze.com\/wp-content\/uploads\/2025\/02\/10-Spa-24.jpg\"><figure class=\"swiper-slide-inner\"><img decoding=\"async\" class=\"swiper-slide-image\" src=\"https:\/\/locandalepiazze.com\/wp-content\/uploads\/elementor\/thumbs\/10-Spa-24-r0yuor5njxyurqgjh0gofg79dvza3crcxqwgdyt5s8.jpg\" alt=\"Heilbad Locanda Le Piazze\" \/><\/figure><\/a><\/div><div class=\"swiper-slide\" role=\"group\" aria-roledescription=\"slide\" aria-label=\"6 von 6\" data-no-translation-aria-label=\"\"><a data-elementor-open-lightbox=\"yes\" data-elementor-lightbox-slideshow=\"8950173\" data-e-action-hash=\"#elementor-action%3Aaction%3Dlightbox%26settings%3DeyJpZCI6MjAyODcsInVybCI6Imh0dHBzOlwvXC9sb2NhbmRhbGVwaWF6emUuY29tXC93cC1jb250ZW50XC91cGxvYWRzXC8yMDI1XC8wMlwvMDQtU3BhLTI0LmpwZyIsInNsaWRlc2hvdyI6Ijg5NTAxNzMifQ%3D%3D\" href=\"https:\/\/locandalepiazze.com\/wp-content\/uploads\/2025\/02\/04-Spa-24.jpg\"><figure class=\"swiper-slide-inner\"><img decoding=\"async\" class=\"swiper-slide-image\" src=\"https:\/\/locandalepiazze.com\/wp-content\/uploads\/elementor\/thumbs\/04-Spa-24-r0yuohr9nllzjmu6zweeqikng19lydq1kgdll773ig.jpg\" alt=\"Heilbad Locanda Le Piazze\" \/><\/figure><\/a><\/div>\t\t\t<\/div>\n\t\t\t\t\t\t\t\n\t\t\t\t\t\t\t\t\t<div class=\"swiper-pagination\"><\/div>\n\t\t\t\t\t\t\t\t\t<\/div>\n\t\t\t\t\t\t<\/div>\n\t\t\t\t<\/div>\n\t\t\t\t\t<\/div>\n\t\t<\/div>\n\t\t\t\t\t<\/div>\n\t\t<\/section>\n\t\t\t\t<section class=\"elementor-section elementor-top-section elementor-element elementor-element-ef378d6 menu elementor-section-boxed elementor-section-height-default elementor-section-height-default\" data-id=\"ef378d6\" data-element_type=\"section\" data-e-type=\"section\">\n\t\t\t\t\t\t<div class=\"elementor-container elementor-column-gap-default\">\n\t\t\t\t\t<div class=\"elementor-column elementor-col-50 elementor-top-column elementor-element elementor-element-ae45c9f\" data-id=\"ae45c9f\" data-element_type=\"column\" data-e-type=\"column\" data-settings=\"{&quot;background_background&quot;:&quot;classic&quot;}\">\n\t\t\t<div class=\"elementor-widget-wrap elementor-element-populated\">\n\t\t\t\t\t\t<div class=\"elementor-element elementor-element-702d8e3 elementor-widget elementor-widget-heading\" data-id=\"702d8e3\" data-element_type=\"widget\" data-e-type=\"widget\" data-widget_type=\"heading.default\">\n\t\t\t\t<div class=\"elementor-widget-container\">\n\t\t\t\t\t<h2 class=\"elementor-heading-title elementor-size-default\">Behandlungen<\/h2>\t\t\t\t<\/div>\n\t\t\t\t<\/div>\n\t\t\t\t<div class=\"elementor-element elementor-element-c1b7e41 elementor-widget elementor-widget-heading\" data-id=\"c1b7e41\" data-element_type=\"widget\" data-e-type=\"widget\" data-widget_type=\"heading.default\">\n\t\t\t\t<div class=\"elementor-widget-container\">\n\t\t\t\t\t<h3 class=\"elementor-heading-title elementor-size-default\">Angetrieben von Comfort Zone<\/h3>\t\t\t\t<\/div>\n\t\t\t\t<\/div>\n\t\t\t\t<div class=\"elementor-element elementor-element-1ddf655 elementor-widget elementor-widget-text-editor\" data-id=\"1ddf655\" data-element_type=\"widget\" data-e-type=\"widget\" data-widget_type=\"text-editor.default\">\n\t\t\t\t<div class=\"elementor-widget-container\">\n\t\t\t\t\t\t\t\t\t<p>Unser Behandlungsmen\u00fc wurde sorgf\u00e4ltig von Comfort Zone entwickelt, einer weltweit anerkannten und von der B Corporation zertifizierten Marke, die f\u00fcr ihre nachhaltige und wissenschaftlich fundierte Hautpflegephilosophie bekannt ist.<\/p><p>Genie\u00dfen Sie eine gro\u00dfe Auswahl an Deluxe- und Express-Gesichtsbehandlungen, K\u00f6rperbehandlungen und intensiven Ritualen, die mit eigens entwickelten Massagetechniken angereichert sind und die Vorteile professioneller, sauberer Formeln maximieren, die reich an Inhaltsstoffen nat\u00fcrlichen Ursprungs und fortschrittlicher Technologie sind.<\/p><p>Signature treatments such as the Tranquility Ritual promote deep relaxation and stress relief, while the Sacred Nature ritual offers potent antioxidant protection &#8211; both aligned with our commitment to climate sustainability.<\/p><p>Comfort Zone\u2019s Italian-made products are free from animal derivatives, silicones, and parabens, ensuring safety, performance, and respect for the environment.<\/p>\t\t\t\t\t\t\t\t<\/div>\n\t\t\t\t<\/div>\n\t\t\t\t<div class=\"elementor-element elementor-element-b362f3a elementor-align-center elementor-widget__width-auto elementor-widget elementor-widget-button\" data-id=\"b362f3a\" data-element_type=\"widget\" data-e-type=\"widget\" data-widget_type=\"button.default\">\n\t\t\t\t<div class=\"elementor-widget-container\">\n\t\t\t\t\t\t\t\t\t<div class=\"elementor-button-wrapper\">\n\t\t\t\t\t<a class=\"elementor-button elementor-button-link elementor-size-sm\" href=\"https:\/\/locandalepiazze.com\/anaispa\/anaispa-menu-LLP-A4-eng.pdf\" target=\"_blank\">\n\t\t\t\t\t\t<span class=\"elementor-button-content-wrapper\">\n\t\t\t\t\t\t\t\t\t<span class=\"elementor-button-text\">Behandlungsmen\u00fc<\/span>\n\t\t\t\t\t<\/span>\n\t\t\t\t\t<\/a>\n\t\t\t\t<\/div>\n\t\t\t\t\t\t\t\t<\/div>\n\t\t\t\t<\/div>\n\t\t\t\t\t<\/div>\n\t\t<\/div>\n\t\t\t\t<div class=\"elementor-column elementor-col-50 elementor-top-column elementor-element elementor-element-f7ac9bb\" data-id=\"f7ac9bb\" data-element_type=\"column\" data-e-type=\"column\" data-settings=\"{&quot;background_background&quot;:&quot;classic&quot;}\">\n\t\t\t<div class=\"elementor-widget-wrap elementor-element-populated\">\n\t\t\t\t\t\t<div class=\"elementor-element elementor-element-8d3dd35 elementor-invisible elementor-widget elementor-widget-image\" data-id=\"8d3dd35\" data-element_type=\"widget\" data-e-type=\"widget\" data-settings=\"{&quot;_animation&quot;:&quot;fadeIn&quot;,&quot;_animation_delay&quot;:300}\" data-widget_type=\"image.default\">\n\t\t\t\t<div class=\"elementor-widget-container\">\n\t\t\t\t\t\t\t\t\t\t\t\t\t\t\t\t<a href=\"https:\/\/locandalepiazze.com\/wp-content\/uploads\/2026\/01\/Spa-11-scaled.jpg\" data-elementor-open-lightbox=\"yes\" data-e-action-hash=\"#elementor-action%3Aaction%3Dlightbox%26settings%3DeyJpZCI6MjM3NjEsInVybCI6Imh0dHBzOlwvXC9sb2NhbmRhbGVwaWF6emUuY29tXC93cC1jb250ZW50XC91cGxvYWRzXC8yMDI2XC8wMVwvU3BhLTExLXNjYWxlZC5qcGcifQ%3D%3D\">\n\t\t\t\t\t\t\t<img decoding=\"async\" src=\"https:\/\/locandalepiazze.com\/wp-content\/uploads\/elementor\/thumbs\/Spa-11-scaled-rif1fpdu86oojwo6m5npe4rkyj9fxadbml9llc9lj4.jpg\" title=\"Heilbad 11\" alt=\"Heilbad 11\" loading=\"lazy\" \/>\t\t\t\t\t\t\t\t<\/a>\n\t\t\t\t\t\t\t\t\t\t\t\t\t\t\t<\/div>\n\t\t\t\t<\/div>\n\t\t\t\t<div class=\"elementor-element elementor-element-2313d90 elementor-invisible elementor-widget elementor-widget-image\" data-id=\"2313d90\" data-element_type=\"widget\" data-e-type=\"widget\" data-settings=\"{&quot;_animation&quot;:&quot;fadeIn&quot;,&quot;_animation_delay&quot;:300}\" data-widget_type=\"image.default\">\n\t\t\t\t<div class=\"elementor-widget-container\">\n\t\t\t\t\t\t\t\t\t\t\t\t\t\t\t\t<a href=\"https:\/\/locandalepiazze.com\/wp-content\/uploads\/2022\/08\/Locanda-Piazze-Spa-04.jpg\" data-elementor-open-lightbox=\"yes\" data-e-action-hash=\"#elementor-action%3Aaction%3Dlightbox%26settings%3DeyJpZCI6MTI1OTMsInVybCI6Imh0dHBzOlwvXC9sb2NhbmRhbGVwaWF6emUuY29tXC93cC1jb250ZW50XC91cGxvYWRzXC8yMDIyXC8wOFwvTG9jYW5kYS1QaWF6emUtU3BhLTA0LmpwZyJ9\">\n\t\t\t\t\t\t\t<img decoding=\"async\" src=\"https:\/\/locandalepiazze.com\/wp-content\/uploads\/elementor\/thumbs\/Locanda-Piazze-Spa-04-ptomdwlzd5b0gykl2fzsesnn3utex252t33ycnyheo.jpg\" title=\"Locanda Le Piazze Spa\" alt=\"Locanda Le Piazze Spa\" loading=\"lazy\" \/>\t\t\t\t\t\t\t\t<\/a>\n\t\t\t\t\t\t\t\t\t\t\t\t\t\t\t<\/div>\n\t\t\t\t<\/div>\n\t\t\t\t\t<\/div>\n\t\t<\/div>\n\t\t\t\t\t<\/div>\n\t\t<\/section>\n\t\t\t\t<section class=\"elementor-section elementor-top-section elementor-element elementor-element-9485f56 elementor-section-boxed elementor-section-height-default elementor-section-height-default\" data-id=\"9485f56\" data-element_type=\"section\" data-e-type=\"section\">\n\t\t\t\t\t\t<div class=\"elementor-container elementor-column-gap-default\">\n\t\t\t\t\t<div class=\"elementor-column elementor-col-100 elementor-top-column elementor-element elementor-element-52a025f\" data-id=\"52a025f\" data-element_type=\"column\" data-e-type=\"column\">\n\t\t\t<div class=\"elementor-widget-wrap elementor-element-populated\">\n\t\t\t\t\t\t<div class=\"elementor-element elementor-element-2b706e1 elementor-widget elementor-widget-image\" data-id=\"2b706e1\" data-element_type=\"widget\" data-e-type=\"widget\" data-widget_type=\"image.default\">\n\t\t\t\t<div class=\"elementor-widget-container\">\n\t\t\t\t\t\t\t\t\t\t\t\t\t\t\t<img decoding=\"async\" width=\"800\" height=\"534\" src=\"https:\/\/locandalepiazze.com\/wp-content\/uploads\/2026\/01\/Spa-10-1-1024x684.jpg\" class=\"attachment-large size-large wp-image-23744\" alt=\"\" srcset=\"https:\/\/locandalepiazze.com\/wp-content\/uploads\/2026\/01\/Spa-10-1-1024x684.jpg 1024w, https:\/\/locandalepiazze.com\/wp-content\/uploads\/2026\/01\/Spa-10-1-300x200.jpg 300w, https:\/\/locandalepiazze.com\/wp-content\/uploads\/2026\/01\/Spa-10-1-768x513.jpg 768w, https:\/\/locandalepiazze.com\/wp-content\/uploads\/2026\/01\/Spa-10-1-1536x1026.jpg 1536w, https:\/\/locandalepiazze.com\/wp-content\/uploads\/2026\/01\/Spa-10-1-2048x1368.jpg 2048w\" sizes=\"(max-width: 800px) 100vw, 800px\" \/>\t\t\t\t\t\t\t\t\t\t\t\t\t\t\t<\/div>\n\t\t\t\t<\/div>\n\t\t\t\t\t<\/div>\n\t\t<\/div>\n\t\t\t\t\t<\/div>\n\t\t<\/section>\n\t\t\t\t<\/div>","protected":false},"excerpt":{"rendered":"<p>Enjoy. Spa At AnaiSpa, we honor the environment, local traditions, and nature to deliver spa treatments that blend comfort with sustainable wellness. Our expert therapists carefully select rituals tailored to every skin type, using natural, sensory-rich ingredients that awaken your senses and rejuvenate your body. Experience authentic Tuscan relaxation and holistic care &#8211; discover AnaiSpa [&hellip;]<\/p>\n","protected":false},"author":4,"featured_media":0,"parent":0,"menu_order":0,"comment_status":"closed","ping_status":"closed","template":"","meta":{"_acf_changed":false,"footnotes":""},"class_list":["post-12609","page","type-page","status-publish","hentry"],"acf":[],"_links":{"self":[{"href":"https:\/\/locandalepiazze.com\/de\/wp-json\/wp\/v2\/pages\/12609","targetHints":{"allow":["GET"]}}],"collection":[{"href":"https:\/\/locandalepiazze.com\/de\/wp-json\/wp\/v2\/pages"}],"about":[{"href":"https:\/\/locandalepiazze.com\/de\/wp-json\/wp\/v2\/types\/page"}],"author":[{"embeddable":true,"href":"https:\/\/locandalepiazze.com\/de\/wp-json\/wp\/v2\/users\/4"}],"replies":[{"embeddable":true,"href":"https:\/\/locandalepiazze.com\/de\/wp-json\/wp\/v2\/comments?post=12609"}],"version-history":[{"count":199,"href":"https:\/\/locandalepiazze.com\/de\/wp-json\/wp\/v2\/pages\/12609\/revisions"}],"predecessor-version":[{"id":24142,"href":"https:\/\/locandalepiazze.com\/de\/wp-json\/wp\/v2\/pages\/12609\/revisions\/24142"}],"wp:attachment":[{"href":"https:\/\/locandalepiazze.com\/de\/wp-json\/wp\/v2\/media?parent=12609"}],"curies":[{"name":"wp","href":"https:\/\/api.w.org\/{rel}","templated":true}]}}